{"id":2584,"date":"2022-01-12T17:29:22","date_gmt":"2022-01-12T17:29:22","guid":{"rendered":"https:\/\/rum-sky.com\/?page_id=2584"},"modified":"2022-01-12T17:48:05","modified_gmt":"2022-01-12T17:48:05","slug":"blog-freansh","status":"publish","type":"page","link":"https:\/\/rum-sky.com\/?page_id=2584&lang=fr","title":{"rendered":"BLOG FREANSH"},"content":{"rendered":"\t\t<div data-elementor-type=\"wp-page\" data-elementor-id=\"2584\" class=\"elementor elementor-2584\" data-elementor-settings=\"[]\">\n\t\t\t\t\t\t<div class=\"elementor-inner\">\n\t\t\t\t\t\t\t<div class=\"elementor-section-wrap\">\n\t\t\t\t\t\t\t<section class=\"elementor-section elementor-top-section elementor-element elementor-element-2777147 elementor-section-boxed elementor-section-height-default elementor-section-height-default\" data-id=\"2777147\" data-element_type=\"section\">\n\t\t\t\t\t\t<div class=\"elementor-container elementor-column-gap-thegem\">\n\t\t\t\t\t\t\t<div class=\"elementor-row\">\n\t\t\t\t\t<div class=\"elementor-column elementor-col-50 elementor-top-column elementor-element elementor-element-14effc4\" data-id=\"14effc4\" data-element_type=\"column\">\n\t\t\t<div class=\"elementor-column-wrap elementor-element-populated\">\n\t\t\t\t\t\t\t<div class=\"elementor-widget-wrap\">\n\t\t\t\t\t\t<div class=\"elementor-element elementor-element-fda15a2 elementor-widget elementor-widget-image\" data-id=\"fda15a2\" data-element_type=\"widget\" data-widget_type=\"image.default\">\n\t\t\t\t<div class=\"elementor-widget-container\">\n\t\t\t\t\t\t\t\t<div class=\"elementor-image\">\n\t\t\t\t\t\t\t\t\t<figure class=\"wp-caption\">\n\t\t\t\t\t\t\t\t\t\t<img decoding=\"async\" width=\"700\" height=\"500\" src=\"https:\/\/rum-sky.com\/wp-content\/uploads\/2021\/11\/fakhry.jpg\" class=\"attachment-large size-large\" alt=\"\" srcset=\"https:\/\/rum-sky.com\/wp-content\/uploads\/2021\/11\/fakhry.jpg 700w, https:\/\/rum-sky.com\/wp-content\/uploads\/2021\/11\/fakhry-600x429.jpg 600w, https:\/\/rum-sky.com\/wp-content\/uploads\/2021\/11\/fakhry-300x214.jpg 300w\" sizes=\"(max-width: 700px) 100vw, 700px\" \/>\t\t\t\t\t\t\t\t\t\t\t<figcaption class=\"widget-image-caption wp-caption-text\"><\/figcaption>\n\t\t\t\t\t\t\t\t\t\t<\/figure>\n\t\t\t\t\t\t\t\t<\/div>\n\t\t\t\t\t\t<\/div>\n\t\t\t\t<\/div>\n\t\t\t\t<div class=\"elementor-element elementor-element-7e5376c elementor-widget elementor-widget-accordion\" data-id=\"7e5376c\" data-element_type=\"widget\" data-widget_type=\"accordion.default\">\n\t\t\t\t<div class=\"elementor-widget-container\">\n\t\t\t\t\t<div class=\"elementor-accordion\" role=\"tablist\">\n\t\t\t\t\t\t\t<div class=\"elementor-accordion-item\">\n\t\t\t\t\t<div id=\"elementor-tab-title-1321\" class=\"elementor-tab-title\" data-tab=\"1\" role=\"tab\" aria-controls=\"elementor-tab-content-1321\" aria-expanded=\"false\">\n\t\t\t\t\t\t\t\t\t\t\t\t\t<span class=\"elementor-accordion-icon elementor-accordion-icon-left\" aria-hidden=\"true\">\n\t\t\t\t\t\t\t\t\t\t\t\t\t\t\t<span class=\"elementor-accordion-icon-closed\"><i class=\"fas fa-plus\"><\/i><\/span>\n\t\t\t\t\t\t\t\t<span class=\"elementor-accordion-icon-opened\"><i class=\"fas fa-minus\"><\/i><\/span>\n\t\t\t\t\t\t\t\t\t\t\t\t\t\t<\/span>\n\t\t\t\t\t\t\t\t\t\t\t\t<a class=\"elementor-accordion-title\" href=\"\">\u201cSouvenez-vous de toujours regarder en haut vers les \u00e9toiles, et pas en bas vers vos pieds. Essayez de comprendre ce que vous voyez et ce qui fait que l'univers existe\u201d. Stephen Hawking<\/a>\n\t\t\t\t\t<\/div>\n\t\t\t\t\t<div id=\"elementor-tab-content-1321\" class=\"elementor-tab-content elementor-clearfix\" data-tab=\"1\" role=\"tabpanel\" aria-labelledby=\"elementor-tab-title-1321\"><p><strong>Pour la plupart des gens, la journ\u00e9e se termine avec le coucher du soleil, mais pour les amateurs d&#8217;\u00e9toiles, ce n&#8217;est que le d\u00e9but. Si haut au-dessus de nous et si loin, ces points lumineux ont le pouvoir d&#8217;\u00eatre beaucoup plus.<\/strong><\/p><p><strong>Notre attirance pour les \u00e9toiles n&#8217;est pas nouvelle.\u00a0 Elles ont attir\u00e9 les yeux de nos anc\u00eatres et des leurs avant eux.\u00a0 Elles ont non seulement attir\u00e9 leurs yeux mais aussi leur imagination. Peu de choses ont chang\u00e9.\u00a0 Chacun d&#8217;entre nous regarde vers le ciel nocturne et voit ce que l&#8217;univers a \u00e0 offrir.\u00a0 Certains regardent le ciel et y voient leur horoscope, d&#8217;autres cherchent \u00e0 voir la science des \u00e9toiles, tandis que d&#8217;autres encore cherchent une explication de l&#8217;univers.\u00a0 Nous voyons tous ce que nous voulons voir, c&#8217;est notre nature.<\/strong><\/p><p><strong>En tant que guide des \u00e9toiles, mon travail ne consiste pas seulement \u00e0 montrer diff\u00e9rentes choses dans le ciel, c&#8217;est une introduction dans un monde que nous avons en grande partie oubli\u00e9.\u00a0 Nous passons notre vie \u00e0 courir d&#8217;une minute \u00e0 l&#8217;autre, d&#8217;une t\u00e2che \u00e0 l&#8217;autre, et lorsque la journ\u00e9e se termine, nous voulons simplement nous asseoir sur le canap\u00e9 et regarder la t\u00e9l\u00e9vision avec quelques snacks.\u00a0 Lorsque nos visiteurs arrivent, je veux leur donner une chance de voir le ciel nocturne comme je le vois, et de ressentir ce que je ressens \u00e0 son sujet. En gros, je veux leur faire d\u00e9couvrir un univers qui est devenu ma vie.<\/strong><\/p><p><strong>En g\u00e9n\u00e9ral, je vois d&#8217;abord nos visiteurs lorsqu&#8217;ils entrent dans ma salle de conf\u00e9rence.\u00a0 La plupart des gens pensent qu&#8217;une conf\u00e9rence est la derni\u00e8re chose dont ils ont envie lorsqu&#8217;ils passent un bon moment.\u00a0 Pour moi, c&#8217;est une partie importante du voyage. Elle me permet de pr\u00e9parer le terrain pour ce qui va suivre. Un bref expos\u00e9 sur le ciel nocturne et nos t\u00e9lescopes donne \u00e0 nos invit\u00e9s une base pour ce qui nous attend lorsque nous serons dans l&#8217;obscurit\u00e9. C&#8217;est aussi l&#8217;occasion de les d\u00e9couvrir, car il me sera \u00e9videmment difficile de les voir apr\u00e8s dans l&#8217;obscurit\u00e9 \ud83d\ude42.<\/strong><\/p><p><strong>La plupart des gens n&#8217;ont pas l&#8217;habitude de se \u201cTout ce que vous avez toujours voulu, se trouve au-del\u00e0 de votre peur\u201d. george Adair<\/strong><\/p><p><strong><span style=\"color: #000000;\"><em>\u201cClear Skies\u201d<\/em><\/span><\/strong><br \/><strong><span style=\"color: #000000;\"><em>Fakhri Alalami<\/em><\/span><\/strong><\/p><\/div>\n\t\t\t\t<\/div>\n\t\t\t\t\t\t\t\t<\/div>\n\t\t\t\t<\/div>\n\t\t\t\t<\/div>\n\t\t\t\t\t\t<\/div>\n\t\t\t\t\t<\/div>\n\t\t<\/div>\n\t\t\t\t<div class=\"elementor-column elementor-col-50 elementor-top-column elementor-element elementor-element-0e74c67\" data-id=\"0e74c67\" data-element_type=\"column\">\n\t\t\t<div class=\"elementor-column-wrap elementor-element-populated\">\n\t\t\t\t\t\t\t<div class=\"elementor-widget-wrap\">\n\t\t\t\t\t\t<div class=\"elementor-element elementor-element-fe687f1 elementor-widget elementor-widget-image\" data-id=\"fe687f1\" data-element_type=\"widget\" data-widget_type=\"image.default\">\n\t\t\t\t<div class=\"elementor-widget-container\">\n\t\t\t\t\t\t\t\t<div class=\"elementor-image\">\n\t\t\t\t\t\t\t\t\t<figure class=\"wp-caption\">\n\t\t\t\t\t\t\t\t\t\t<img decoding=\"async\" width=\"700\" height=\"500\" src=\"https:\/\/rum-sky.com\/wp-content\/uploads\/2021\/11\/blog2.jpg\" class=\"attachment-large size-large\" alt=\"\" srcset=\"https:\/\/rum-sky.com\/wp-content\/uploads\/2021\/11\/blog2.jpg 700w, https:\/\/rum-sky.com\/wp-content\/uploads\/2021\/11\/blog2-600x429.jpg 600w, https:\/\/rum-sky.com\/wp-content\/uploads\/2021\/11\/blog2-300x214.jpg 300w\" sizes=\"(max-width: 700px) 100vw, 700px\" \/>\t\t\t\t\t\t\t\t\t\t\t<figcaption class=\"widget-image-caption wp-caption-text\"><\/figcaption>\n\t\t\t\t\t\t\t\t\t\t<\/figure>\n\t\t\t\t\t\t\t\t<\/div>\n\t\t\t\t\t\t<\/div>\n\t\t\t\t<\/div>\n\t\t\t\t<div class=\"elementor-element elementor-element-a0b69e6 elementor-widget elementor-widget-accordion\" data-id=\"a0b69e6\" data-element_type=\"widget\" data-widget_type=\"accordion.default\">\n\t\t\t\t<div class=\"elementor-widget-container\">\n\t\t\t\t\t<div class=\"elementor-accordion\" role=\"tablist\">\n\t\t\t\t\t\t\t<div class=\"elementor-accordion-item\">\n\t\t\t\t\t<div id=\"elementor-tab-title-1681\" class=\"elementor-tab-title\" data-tab=\"1\" role=\"tab\" aria-controls=\"elementor-tab-content-1681\" aria-expanded=\"false\">\n\t\t\t\t\t\t\t\t\t\t\t\t\t<span class=\"elementor-accordion-icon elementor-accordion-icon-left\" aria-hidden=\"true\">\n\t\t\t\t\t\t\t\t\t\t\t\t\t\t\t<span class=\"elementor-accordion-icon-closed\"><i class=\"fas fa-plus\"><\/i><\/span>\n\t\t\t\t\t\t\t\t<span class=\"elementor-accordion-icon-opened\"><i class=\"fas fa-minus\"><\/i><\/span>\n\t\t\t\t\t\t\t\t\t\t\t\t\t\t<\/span>\n\t\t\t\t\t\t\t\t\t\t\t\t<a class=\"elementor-accordion-title\" href=\"\">\u201cTout ce que vous avez toujours voulu, se trouve au-del\u00e0 de votre peur\u201d. george Adair<\/a>\n\t\t\t\t\t<\/div>\n\t\t\t\t\t<div id=\"elementor-tab-content-1681\" class=\"elementor-tab-content elementor-clearfix\" data-tab=\"1\" role=\"tabpanel\" aria-labelledby=\"elementor-tab-title-1681\"><p><strong>Ma fille Leen, alors \u00e2g\u00e9e de 16 ans, contemplait le ciel nocturne d&#8217;un d\u00e9sert isol\u00e9 \u00e0 Wadi Rum. C&#8217;\u00e9tait la premi\u00e8re fois qu&#8217;elle y allait. Des larmes d&#8217;\u00e9tonnement et de stup\u00e9faction coulaient sur ses joues tandis que je regardais sa r\u00e9action face au magnifique ciel qui r\u00e9v\u00e9lait les \u00e9toiles cach\u00e9es. L&#8217;existence d&#8217;un tel endroit me semblait surr\u00e9aliste. C&#8217;est ce qui a d\u00e9clench\u00e9 mon voyage vers l&#8217;astronomie.<\/strong><\/p><p><strong>Le Wadi Rum est un magnifique d\u00e9sert situ\u00e9 dans le sud de la Jordanie. Il rivalise avec Petra, le royaume nabat\u00e9en, la destination pr\u00e9f\u00e9r\u00e9e des touristes en Jordanie.\u00a0 Le Wadi Rum est une exp\u00e9rience inoubliable, un lieu o\u00f9 l&#8217;on peut s&#8217;\u00e9vader du quotidien de notre vie citadine.<\/strong><\/p><p><strong>C&#8217;est un concentr\u00e9 d&#8217;exp\u00e9riences diff\u00e9rentes. Des dunes de sable engloutissent de hautes montagnes rocheuses et forment les plus beaux canyons du monde. Un riche h\u00e9ritage des nomades pr\u00e9historiques, mais aussi des Nabat\u00e9ens et de la lutte contre l&#8217;Empire ottoman \u00e0 l&#8217;\u00e9poque de Lawrence d&#8217;Arabie et ses interactions avec les B\u00e9douins de Wadi Rum. Le Wadi Rum est le lieu de tournage de films prim\u00e9s comme \u201cSeul sur Mars\u201d, \u201cLawrence d&#8217;Arabie\u201d et \u201cAladdin\u201d.<\/strong><\/p><p><strong>Une heure apr\u00e8s le coucher du soleil, des milliers d&#8217;objets du ciel \u00e9mergent \u00e0 l&#8217;\u0153il nu. Le Wadi Rum est class\u00e9 au niveau 2 sur l&#8217;\u00e9chelle de Bortle (une \u00e9chelle de 1 \u00e0 9 pour mesurer l&#8217;obscurit\u00e9 du ciel nocturne, 2 \u00e9tant un ciel tr\u00e8s pur de pollution lumineuse), vous verrez des objets que vous ne pouvez jamais voir dans les zones urbaines. Plan\u00e8tes, \u00e9toiles, amas et n\u00e9buleuses. Des milliers d&#8217;objets c\u00e9lestes invisibles \u00e0 l&#8217;\u0153il nu, que nous pouvons vous faire voir !<\/strong><\/p><p><strong>J&#8217;ai senti que c&#8217;\u00e9tait un endroit que tout le monde devrait conna\u00eetre et exp\u00e9rimenter. J&#8217;ai commenc\u00e9 mon long voyage de recherche sur l&#8217;astronomie. Je dois admettre que je ne connaissais pas la diff\u00e9rence entre une plan\u00e8te et une \u00e9toile. J&#8217;ai lu des centaines de livres d&#8217;astronomie et j&#8217;ai eu la chance de parler \u00e0 des personnes remarquables <\/strong><\/p><p><strong><span style=\"color: #000000;\"><em>Fayez Alkhlaifat<\/em><\/span><\/strong><\/p><\/div>\n\t\t\t\t<\/div>\n\t\t\t\t\t\t\t\t<\/div>\n\t\t\t\t<\/div>\n\t\t\t\t<\/div>\n\t\t\t\t\t\t<\/div>\n\t\t\t\t\t<\/div>\n\t\t<\/div>\n\t\t\t\t\t\t\t\t<\/div>\n\t\t\t\t\t<\/div>\n\t\t<\/section>\n\t\t\t\t\t\t<\/div>\n\t\t\t\t\t\t<\/div>\n\t\t\t\t\t<\/div>\n\t\t","protected":false},"excerpt":{"rendered":"<p>\u201cSouvenez-vous de toujours regarder en haut vers les \u00e9toiles, et pas en bas vers vos pieds. Essayez de comprendre ce&#8230;<\/p>\n","protected":false},"author":1,"featured_media":0,"parent":0,"menu_order":0,"comment_status":"closed","ping_status":"closed","template":"page-fullwidth.php","meta":{"footnotes":""},"class_list":["post-2584","page","type-page","status-publish"],"aioseo_notices":[],"_links":{"self":[{"href":"https:\/\/rum-sky.com\/index.php?rest_route=\/wp\/v2\/pages\/2584","targetHints":{"allow":["GET"]}}],"collection":[{"href":"https:\/\/rum-sky.com\/index.php?rest_route=\/wp\/v2\/pages"}],"about":[{"href":"https:\/\/rum-sky.com\/index.php?rest_route=\/wp\/v2\/types\/page"}],"author":[{"embeddable":true,"href":"https:\/\/rum-sky.com\/index.php?rest_route=\/wp\/v2\/users\/1"}],"replies":[{"embeddable":true,"href":"https:\/\/rum-sky.com\/index.php?rest_route=%2Fwp%2Fv2%2Fcomments&post=2584"}],"version-history":[{"count":19,"href":"https:\/\/rum-sky.com\/index.php?rest_route=\/wp\/v2\/pages\/2584\/revisions"}],"predecessor-version":[{"id":2604,"href":"https:\/\/rum-sky.com\/index.php?rest_route=\/wp\/v2\/pages\/2584\/revisions\/2604"}],"wp:attachment":[{"href":"https:\/\/rum-sky.com\/index.php?rest_route=%2Fwp%2Fv2%2Fmedia&parent=2584"}],"curies":[{"name":"wp","href":"https:\/\/api.w.org\/{rel}","templated":true}]}}