{"id":2582,"date":"2022-01-12T17:27:23","date_gmt":"2022-01-12T17:27:23","guid":{"rendered":"https:\/\/rum-sky.com\/?page_id=2582"},"modified":"2022-03-21T21:58:59","modified_gmt":"2022-03-21T21:58:59","slug":"book-freansh","status":"publish","type":"page","link":"https:\/\/rum-sky.com\/?page_id=2582&lang=fr","title":{"rendered":"BOOK FREANSH"},"content":{"rendered":"\t\t<div data-elementor-type=\"wp-page\" data-elementor-id=\"2582\" class=\"elementor elementor-2582\" data-elementor-settings=\"[]\">\n\t\t\t\t\t\t<div class=\"elementor-inner\">\n\t\t\t\t\t\t\t<div class=\"elementor-section-wrap\">\n\t\t\t\t\t\t\t<section class=\"elementor-section elementor-top-section elementor-element elementor-element-387ff11 elementor-section-boxed elementor-section-height-default elementor-section-height-default\" data-id=\"387ff11\" data-element_type=\"section\">\n\t\t\t\t\t\t<div class=\"elementor-container elementor-column-gap-thegem\">\n\t\t\t\t\t\t\t<div class=\"elementor-row\">\n\t\t\t\t\t<div class=\"elementor-column elementor-col-25 elementor-top-column elementor-element elementor-element-c4f163d\" data-id=\"c4f163d\" data-element_type=\"column\">\n\t\t\t<div class=\"elementor-column-wrap\">\n\t\t\t\t\t\t\t<div class=\"elementor-widget-wrap\">\n\t\t\t\t\t\t\t\t<\/div>\n\t\t\t\t\t<\/div>\n\t\t<\/div>\n\t\t\t\t<div class=\"elementor-column elementor-col-50 elementor-top-column elementor-element elementor-element-2e661ba\" data-id=\"2e661ba\" data-element_type=\"column\">\n\t\t\t<div class=\"elementor-column-wrap elementor-element-populated\">\n\t\t\t\t\t\t\t<div class=\"elementor-widget-wrap\">\n\t\t\t\t\t\t<div class=\"elementor-element elementor-element-ffe6856 elementor-widget elementor-widget-thegem-contact-form7\" data-id=\"ffe6856\" data-element_type=\"widget\" data-settings=\"{&quot;thegem_elementor_preset&quot;:&quot;default&quot;}\" data-widget_type=\"thegem-contact-form7.default\">\n\t\t\t\t<div class=\"elementor-widget-container\">\n\t\t\t\n<div class=\"wpcf7 no-js\" id=\"wpcf7-f2955-o1\" lang=\"en-US\" dir=\"ltr\">\n<div class=\"screen-reader-response\"><p role=\"status\" aria-live=\"polite\" aria-atomic=\"true\"><\/p> <ul><\/ul><\/div>\n<form action=\"\/index.php?rest_route=%2Fwp%2Fv2%2Fpages%2F2582#wpcf7-f2955-o1\" method=\"post\" class=\"wpcf7-form init thegem-cf7 form-ffe6856 label-top\" aria-label=\"Contact form\" novalidate=\"novalidate\" data-status=\"init\">\n<div style=\"display: none;\">\n<input type=\"hidden\" name=\"_wpcf7\" value=\"2955\" \/>\n<input type=\"hidden\" name=\"_wpcf7_version\" value=\"5.8\" \/>\n<input type=\"hidden\" name=\"_wpcf7_locale\" value=\"en_US\" \/>\n<input type=\"hidden\" name=\"_wpcf7_unit_tag\" value=\"wpcf7-f2955-o1\" \/>\n<input type=\"hidden\" name=\"_wpcf7_container_post\" value=\"0\" \/>\n<input type=\"hidden\" name=\"_wpcf7_posted_data_hash\" value=\"\" \/>\n<\/div>\n<p><label> Le nom<br \/>\n<span class=\"wpcf7-form-control-wrap\" data-name=\"your-name\"><input size=\"40\" class=\"wpcf7-form-control wpcf7-text wpcf7-validates-as-required\" aria-required=\"true\" aria-invalid=\"false\" value=\"\" type=\"text\" name=\"your-name\" \/><\/span> <\/label>\n<\/p>\n<p><label>num\u00e9ro de t\u00e9l\u00e9phone<br \/>\n<span class=\"wpcf7-form-control-wrap\" data-name=\"mobile-number\"><input size=\"40\" class=\"wpcf7-form-control wpcf7-text wpcf7-validates-as-required\" aria-required=\"true\" aria-invalid=\"false\" value=\"\" type=\"text\" name=\"mobile-number\" \/><\/span> <\/label>\n<\/p>\n<p><label> Email<br \/>\n<span class=\"wpcf7-form-control-wrap\" data-name=\"your-email\"><input size=\"40\" class=\"wpcf7-form-control wpcf7-email wpcf7-validates-as-required wpcf7-text wpcf7-validates-as-email\" aria-required=\"true\" aria-invalid=\"false\" value=\"\" type=\"email\" name=\"your-email\" \/><\/span> <\/label>\n<\/p>\n<p><label> date de r\u00e9servation<br \/>\n<span class=\"wpcf7-form-control-wrap\" data-name=\"date-722\"><input class=\"wpcf7-form-control wpcf7-date wpcf7-validates-as-date\" aria-invalid=\"false\" value=\"\" type=\"date\" name=\"date-722\" \/><\/span> <\/label>\n<\/p>\n<p><label> nombre de personne<br \/>\n<span class=\"wpcf7-form-control-wrap\" data-name=\"how-much\"><select class=\"wpcf7-form-control wpcf7-select wpcf7-validates-as-required\" id=\"how-much\" aria-required=\"true\" aria-invalid=\"false\" name=\"how-much\"><option value=\"1\">1<\/option><option value=\"2\">2<\/option><option value=\"3\">3<\/option><option value=\"4\">4<\/option><option value=\"5\">5<\/option><option value=\"6\">6<\/option><option value=\"7\">7<\/option><option value=\"8\">8<\/option><option value=\"9\">9<\/option><option value=\"10\">10<\/option><\/select><\/span><br \/>\n<\/label>\n<\/p>\n<p><label> O\u00f9 dormir \u00e0 Rhum<br \/>\n<span class=\"wpcf7-form-control-wrap\" data-name=\"camp\"><input size=\"40\" class=\"wpcf7-form-control wpcf7-text wpcf7-validates-as-required\" aria-required=\"true\" aria-invalid=\"false\" value=\"\" type=\"text\" name=\"camp\" \/><\/span> <\/label>\n<\/p>\n<p><label> Votre message (facultatif)<br \/>\n<span class=\"wpcf7-form-control-wrap\" data-name=\"your-message\"><textarea cols=\"40\" rows=\"10\" class=\"wpcf7-form-control wpcf7-textarea\" aria-invalid=\"false\" name=\"your-message\"><\/textarea><\/span> <\/label>\n<\/p>\n<p><input class=\"wpcf7-form-control wpcf7-submit\" type=\"submit\" value=\"le prochain\" \/>\n<\/p><div class=\"wpcf7-response-output\" aria-hidden=\"true\"><\/div>\n<\/form>\n<\/div>\n\n\t\t<script>\n\t\t\t(function ($) {\n\t\t\t\t$(document).ready(function () {\n\t\t\t\t\t$('.thegem-cf7.form-ffe6856 select').combobox();\n\t\t\t\t\t$('.thegem-cf7.form-ffe6856 input[type=\"checkbox\"]').checkbox();\n\t\t\t\t\t$('.thegem-cf7.form-ffe6856 input[type=\"radio\"]').checkbox();\n\t\t\t\t\tlabelReplace();\n\t\t\t\t\tlabelEqualWidth();\n\t\t\t\t\t$('.thegem-cf7.form-ffe6856 input[type=\"submit\"]').parent().addClass('submit-outer');\n\t\t\t\t});\n\n\t\t\t\tfunction labelReplace() {\n\t\t\t\t\t$('.thegem-cf7.form-ffe6856 p').each(function () {\n\t\t\t\t\t\tif ($(this).find('.wpcf7-radio').length || $(this).find('.wpcf7-checkbox').length) {\n\t\t\t\t\t\t\t$(this).addClass('with-radio');\n\t\t\t\t\t\t} else if (!$(this).hasClass('with-label') ) {\n\t\t\t\t\t\t\tvar label = $(this).find('label');\n\t\t\t\t\t\t\tif (label.length) {\n\t\t\t\t\t\t\t\t$(this).addClass('with-label');\n\t\t\t\t\t\t\t\t$(this).append(label.find('.wpcf7-form-control-wrap'));\n\t\t\t\t\t\t\t}\n\t\t\t\t\t\t}\n\t\t\t\t\t});\n\t\t\t\t}\n\n\t\t\t\tfunction labelEqualWidth() {\n\t\t\t\t\tvar max_width = 0;\n\t\t\t\t\t$('.thegem-cf7.form-ffe6856.label-left p.with-label label').removeAttr(\"style\");\n\t\t\t\t\t$('.thegem-cf7.form-ffe6856.label-left p.with-label label').each(function () {\n\t\t\t\t\t\tif ($(this).width() > max_width) {\n\t\t\t\t\t\t\tmax_width = $(this).width() + 1;\n\t\t\t\t\t\t}\n\t\t\t\t\t});\n\t\t\t\t\t$('.thegem-cf7.form-ffe6856.label-left p.with-label label').css('width', max_width)\n\t\t\t\t}\n\n\t\t\t\t\t\t\t})(jQuery);\n\t\t<\/script>\n\n\n\t\t\t<\/div>\n\t\t\t\t<\/div>\n\t\t\t\t\t\t<\/div>\n\t\t\t\t\t<\/div>\n\t\t<\/div>\n\t\t\t\t<div class=\"elementor-column elementor-col-25 elementor-top-column elementor-element elementor-element-65547f1\" data-id=\"65547f1\" data-element_type=\"column\">\n\t\t\t<div class=\"elementor-column-wrap\">\n\t\t\t\t\t\t\t<div class=\"elementor-widget-wrap\">\n\t\t\t\t\t\t\t\t<\/div>\n\t\t\t\t\t<\/div>\n\t\t<\/div>\n\t\t\t\t\t\t\t\t<\/div>\n\t\t\t\t\t<\/div>\n\t\t<\/section>\n\t\t\t\t\t\t<\/div>\n\t\t\t\t\t\t<\/div>\n\t\t\t\t\t<\/div>\n\t\t","protected":false},"excerpt":{"rendered":"<p>Le nom num\u00e9ro de t\u00e9l\u00e9phone Email date de r\u00e9servation nombre de personne 12345678910 O\u00f9 dormir \u00e0 Rhum Votre message (facultatif)<\/p>\n","protected":false},"author":1,"featured_media":0,"parent":0,"menu_order":0,"comment_status":"closed","ping_status":"closed","template":"page-fullwidth.php","meta":{"footnotes":""},"class_list":["post-2582","page","type-page","status-publish"],"aioseo_notices":[],"_links":{"self":[{"href":"https:\/\/rum-sky.com\/index.php?rest_route=\/wp\/v2\/pages\/2582","targetHints":{"allow":["GET"]}}],"collection":[{"href":"https:\/\/rum-sky.com\/index.php?rest_route=\/wp\/v2\/pages"}],"about":[{"href":"https:\/\/rum-sky.com\/index.php?rest_route=\/wp\/v2\/types\/page"}],"author":[{"embeddable":true,"href":"https:\/\/rum-sky.com\/index.php?rest_route=\/wp\/v2\/users\/1"}],"replies":[{"embeddable":true,"href":"https:\/\/rum-sky.com\/index.php?rest_route=%2Fwp%2Fv2%2Fcomments&post=2582"}],"version-history":[{"count":4,"href":"https:\/\/rum-sky.com\/index.php?rest_route=\/wp\/v2\/pages\/2582\/revisions"}],"predecessor-version":[{"id":2958,"href":"https:\/\/rum-sky.com\/index.php?rest_route=\/wp\/v2\/pages\/2582\/revisions\/2958"}],"wp:attachment":[{"href":"https:\/\/rum-sky.com\/index.php?rest_route=%2Fwp%2Fv2%2Fmedia&parent=2582"}],"curies":[{"name":"wp","href":"https:\/\/api.w.org\/{rel}","templated":true}]}}