{"id":2141,"date":"2022-01-02T16:40:42","date_gmt":"2022-01-02T16:40:42","guid":{"rendered":"https:\/\/rum-sky.com\/?page_id=2141"},"modified":"2022-01-12T17:57:14","modified_gmt":"2022-01-12T17:57:14","slug":"about-us-spanish","status":"publish","type":"page","link":"https:\/\/rum-sky.com\/?page_id=2141&lang=es","title":{"rendered":"ABOUT US SPANISH"},"content":{"rendered":"\t\t<div data-elementor-type=\"wp-page\" data-elementor-id=\"2141\" class=\"elementor elementor-2141\" data-elementor-settings=\"[]\">\n\t\t\t\t\t\t<div class=\"elementor-inner\">\n\t\t\t\t\t\t\t<div class=\"elementor-section-wrap\">\n\t\t\t\t\t\t\t<main class=\"elementor-section elementor-top-section elementor-element elementor-element-47e171e elementor-section-boxed elementor-section-height-default elementor-section-height-default\" data-id=\"47e171e\" data-element_type=\"section\" id=\"details\" data-settings=\"{&quot;background_background&quot;:&quot;classic&quot;}\">\n\t\t\t\t\t\t<div class=\"elementor-container elementor-column-gap-thegem\">\n\t\t\t\t\t\t\t<div class=\"elementor-row\">\n\t\t\t\t\t<div class=\"elementor-column elementor-col-100 elementor-top-column elementor-element elementor-element-e6546bf\" data-id=\"e6546bf\" data-element_type=\"column\">\n\t\t\t<div class=\"elementor-column-wrap elementor-element-populated\">\n\t\t\t\t\t\t\t<div class=\"elementor-widget-wrap\">\n\t\t\t\t\t\t<div class=\"elementor-element elementor-element-592c0db elementor-widget elementor-widget-text-editor\" data-id=\"592c0db\" data-element_type=\"widget\" data-widget_type=\"text-editor.default\">\n\t\t\t\t<div class=\"elementor-widget-container\">\n\t\t\t\t\t\t\t\t<div class=\"elementor-text-editor elementor-clearfix\">\n\t\t\t\t<div class=\"title-h2\" style=\"text-align: center;\"><p>CONOCIMIENTOS EXPERTOS Y TELESCOPIOS DISPONIBLS <span style=\"letter-spacing: 0.05em;\">PARA VER Y APRENDER SOBRE LAS ESTRELLAS<\/span><\/p><\/div>\t\t\t\t\t<\/div>\n\t\t\t\t\t\t<\/div>\n\t\t\t\t<\/div>\n\t\t\t\t<div class=\"elementor-element elementor-element-34a198b elementor-widget elementor-widget-heading\" data-id=\"34a198b\" data-element_type=\"widget\" data-widget_type=\"heading.default\">\n\t\t\t\t<div class=\"elementor-widget-container\">\n\t\t\t<div class=\"styled-subtitle elementor-heading-title elementor-size-default\">Ubicado en una de las partes m\u00e1s bellas de Jordania, RumSky permite a los visitantes disfrutar de las noches estrelladas de Wadi Rum.<\/div>\t\t<\/div>\n\t\t\t\t<\/div>\n\t\t\t\t\t\t<\/div>\n\t\t\t\t\t<\/div>\n\t\t<\/div>\n\t\t\t\t\t\t\t\t<\/div>\n\t\t\t\t\t<\/div>\n\t\t<\/main>\n\t\t\t\t<section class=\"elementor-section elementor-top-section elementor-element elementor-element-575e231 elementor-section-boxed elementor-section-height-default elementor-section-height-default\" data-id=\"575e231\" data-element_type=\"section\">\n\t\t\t\t\t\t<div class=\"elementor-container elementor-column-gap-thegem\">\n\t\t\t\t\t\t\t<div class=\"elementor-row\">\n\t\t\t\t\t<div class=\"elementor-column elementor-col-50 elementor-top-column elementor-element elementor-element-34039cb\" data-id=\"34039cb\" data-element_type=\"column\">\n\t\t\t<div class=\"elementor-column-wrap elementor-element-populated\">\n\t\t\t\t\t\t\t<div class=\"elementor-widget-wrap\">\n\t\t\t\t\t\t<div class=\"elementor-element elementor-element-8e1323e elementor-widget elementor-widget-image\" data-id=\"8e1323e\" data-element_type=\"widget\" data-widget_type=\"image.default\">\n\t\t\t\t<div class=\"elementor-widget-container\">\n\t\t\t\t\t\t\t\t<div class=\"elementor-image\">\n\t\t\t\t\t\t\t\t\t\t\t\t<img decoding=\"async\" width=\"1024\" height=\"683\" src=\"https:\/\/rum-sky.com\/wp-content\/uploads\/2021\/11\/ABOUT-1024x683.jpg\" class=\"attachment-large size-large\" alt=\"\" srcset=\"https:\/\/rum-sky.com\/wp-content\/uploads\/2021\/11\/ABOUT-1024x683.jpg 1024w, https:\/\/rum-sky.com\/wp-content\/uploads\/2021\/11\/ABOUT-600x400.jpg 600w, https:\/\/rum-sky.com\/wp-content\/uploads\/2021\/11\/ABOUT-300x200.jpg 300w, https:\/\/rum-sky.com\/wp-content\/uploads\/2021\/11\/ABOUT-768x512.jpg 768w, https:\/\/rum-sky.com\/wp-content\/uploads\/2021\/11\/ABOUT.jpg 1200w\" sizes=\"(max-width: 1024px) 100vw, 1024px\" \/>\t\t\t\t\t\t\t\t\t\t\t\t\t\t<\/div>\n\t\t\t\t\t\t<\/div>\n\t\t\t\t<\/div>\n\t\t\t\t\t\t<\/div>\n\t\t\t\t\t<\/div>\n\t\t<\/div>\n\t\t\t\t<div class=\"elementor-column elementor-col-50 elementor-top-column elementor-element elementor-element-bf10cfb\" data-id=\"bf10cfb\" data-element_type=\"column\">\n\t\t\t<div class=\"elementor-column-wrap elementor-element-populated\">\n\t\t\t\t\t\t\t<div class=\"elementor-widget-wrap\">\n\t\t\t\t\t\t<div class=\"elementor-element elementor-element-5014c04 elementor-widget elementor-widget-heading\" data-id=\"5014c04\" data-element_type=\"widget\" data-widget_type=\"heading.default\">\n\t\t\t\t<div class=\"elementor-widget-container\">\n\t\t\t<div class=\"styled-subtitle elementor-heading-title elementor-size-default\">Nuestro programa de visitas guiadas te permite aprender m\u00e1s sobre el Universo en el que vivimos. Vivir en ciudades llenas de vida hace que sea m\u00e1s dif\u00edcil presenciar la magnificencia de los cielos. A trav\u00e9s de la innovaci\u00f3n de la ciencia, podemos acercarnos un poco m\u00e1s a las maravillas ocultas del Universo. Estrellas, planetas, nebulosas, todo est\u00e1 a tu alcance con RumSky. Un grupo de jordanos inici\u00f3 un proyecto empresarial, utilizando tecnolog\u00eda de punta y aplicaciones m\u00f3viles del Observatorio.<\/div>\t\t<\/div>\n\t\t\t\t<\/div>\n\t\t\t\t\t\t<\/div>\n\t\t\t\t\t<\/div>\n\t\t<\/div>\n\t\t\t\t\t\t\t\t<\/div>\n\t\t\t\t\t<\/div>\n\t\t<\/section>\n\t\t\t\t<section class=\"elementor-section elementor-top-section elementor-element elementor-element-5b2c8a2 elementor-section-boxed elementor-section-height-default elementor-section-height-default\" data-id=\"5b2c8a2\" data-element_type=\"section\" data-settings=\"{&quot;background_background&quot;:&quot;slideshow&quot;,&quot;background_slideshow_gallery&quot;:[{&quot;id&quot;:2031,&quot;url&quot;:&quot;https:\\\/\\\/rum-sky.com\\\/wp-content\\\/uploads\\\/2021\\\/11\\\/Passion.jpg&quot;}],&quot;background_slideshow_slide_duration&quot;:0,&quot;background_slideshow_transition_duration&quot;:0,&quot;background_slideshow_ken_burns&quot;:&quot;yes&quot;,&quot;thegem_parallax_activate&quot;:&quot;yes&quot;,&quot;background_slideshow_slide_transition&quot;:&quot;fade&quot;,&quot;background_slideshow_ken_burns_zoom_direction&quot;:&quot;in&quot;,&quot;thegem_parallax_type&quot;:&quot;vertical&quot;}\">\n\t\t\t\t\t\t<div class=\"elementor-container elementor-column-gap-no\">\n\t\t\t\t\t\t\t<div class=\"elementor-row\">\n\t\t\t\t\t<div class=\"elementor-column elementor-col-100 elementor-top-column elementor-element elementor-element-bcc793b\" data-id=\"bcc793b\" data-element_type=\"column\">\n\t\t\t<div class=\"elementor-column-wrap\">\n\t\t\t\t\t\t\t<div class=\"elementor-widget-wrap\">\n\t\t\t\t\t\t\t\t<\/div>\n\t\t\t\t\t<\/div>\n\t\t<\/div>\n\t\t\t\t\t\t\t\t<\/div>\n\t\t\t\t\t<\/div>\n\t\t<\/section>\n\t\t\t\t<section class=\"elementor-section elementor-top-section elementor-element elementor-element-02d20c1 elementor-section-boxed elementor-section-height-default elementor-section-height-default\" data-id=\"02d20c1\" data-element_type=\"section\">\n\t\t\t\t\t\t<div class=\"elementor-container elementor-column-gap-thegem\">\n\t\t\t\t\t\t\t<div class=\"elementor-row\">\n\t\t\t\t\t<div class=\"elementor-column elementor-col-100 elementor-top-column elementor-element elementor-element-1eca270\" data-id=\"1eca270\" data-element_type=\"column\">\n\t\t\t<div class=\"elementor-column-wrap elementor-element-populated\">\n\t\t\t\t\t\t\t<div class=\"elementor-widget-wrap\">\n\t\t\t\t\t\t<div class=\"elementor-element elementor-element-d85e1fc elementor-widget elementor-widget-heading\" data-id=\"d85e1fc\" data-element_type=\"widget\" data-widget_type=\"heading.default\">\n\t\t\t\t<div class=\"elementor-widget-container\">\n\t\t\t<h2 class=\"elementor-heading-title elementor-size-default\">ENLACES \u00daTILES<\/h2>\t\t<\/div>\n\t\t\t\t<\/div>\n\t\t\t\t\t\t<\/div>\n\t\t\t\t\t<\/div>\n\t\t<\/div>\n\t\t\t\t\t\t\t\t<\/div>\n\t\t\t\t\t<\/div>\n\t\t<\/section>\n\t\t\t\t<section class=\"elementor-section elementor-top-section elementor-element elementor-element-fbd14de elementor-section-boxed elementor-section-height-default elementor-section-height-default\" data-id=\"fbd14de\" data-element_type=\"section\">\n\t\t\t\t\t\t<div class=\"elementor-container elementor-column-gap-thegem\">\n\t\t\t\t\t\t\t<div class=\"elementor-row\">\n\t\t\t\t\t<div class=\"elementor-column elementor-col-50 elementor-top-column elementor-element elementor-element-4ea6f02\" data-id=\"4ea6f02\" data-element_type=\"column\">\n\t\t\t<div class=\"elementor-column-wrap elementor-element-populated\">\n\t\t\t\t\t\t\t<div class=\"elementor-widget-wrap\">\n\t\t\t\t\t\t<div class=\"elementor-element elementor-element-c635bc7 elementor-widget elementor-widget-text-editor\" data-id=\"c635bc7\" data-element_type=\"widget\" data-widget_type=\"text-editor.default\">\n\t\t\t\t<div class=\"elementor-widget-container\">\n\t\t\t\t\t\t\t\t<div class=\"elementor-text-editor elementor-clearfix\">\n\t\t\t\t<p style=\"text-align: right;\"><a class=\"list-group-item list-group-item-action\" title=\"\" href=\"https:\/\/astronomynow.com\/\" target=\"_blank\" rel=\"noopener\" data-toggle=\"tooltip\" data-placement=\"top\" data-original-title=\"astronomynow.com\">Astronomy <\/a><a class=\"list-group-item list-group-item-action\" title=\"\" href=\"https:\/\/astronomynow.com\/\" target=\"_blank\" rel=\"noopener\" data-toggle=\"tooltip\" data-placement=\"top\" data-original-title=\"astronomynow.com\">Now<\/a><\/p><p style=\"text-align: right;\"><a class=\"list-group-item list-group-item-action\" title=\"\" href=\"https:\/\/www.universetoday.com\/\" target=\"_blank\" rel=\"noopener\" data-toggle=\"tooltip\" data-placement=\"top\" data-original-title=\"universetoday.com\">Universe Today<\/a><\/p><p style=\"text-align: right;\"><a class=\"list-group-item list-group-item-action\" title=\"\" href=\"https:\/\/www.space.com\/\" target=\"_blank\" rel=\"noopener\" data-toggle=\"tooltip\" data-placement=\"top\" data-original-title=\"space.com\" aria-describedby=\"tooltip126104\">Space.com<\/a><\/p><p style=\"text-align: right;\"><a class=\"list-group-item list-group-item-action\" title=\"\" href=\"https:\/\/www.skyandtelescope.com\/\" target=\"_blank\" rel=\"noopener\" data-toggle=\"tooltip\" data-placement=\"top\" data-original-title=\"skyandtelescope.com\" aria-describedby=\"tooltip915170\">Sky &amp; Telescope<\/a><\/p><p style=\"text-align: right;\"><a class=\"list-group-item list-group-item-action\" title=\"\" href=\"https:\/\/www.heavens-above.com\/main.aspx\" target=\"_blank\" rel=\"noopener\" data-toggle=\"tooltip\" data-placement=\"top\" data-original-title=\"heavens-above.com\" aria-describedby=\"tooltip295734\">Heavens Above<\/a><\/p>\t\t\t\t\t<\/div>\n\t\t\t\t\t\t<\/div>\n\t\t\t\t<\/div>\n\t\t\t\t\t\t<\/div>\n\t\t\t\t\t<\/div>\n\t\t<\/div>\n\t\t\t\t<div class=\"elementor-column elementor-col-50 elementor-top-column elementor-element elementor-element-960a8e4\" data-id=\"960a8e4\" data-element_type=\"column\">\n\t\t\t<div class=\"elementor-column-wrap elementor-element-populated\">\n\t\t\t\t\t\t\t<div class=\"elementor-widget-wrap\">\n\t\t\t\t\t\t<div class=\"elementor-element elementor-element-0d1473f elementor-widget elementor-widget-text-editor\" data-id=\"0d1473f\" data-element_type=\"widget\" data-widget_type=\"text-editor.default\">\n\t\t\t\t<div class=\"elementor-widget-container\">\n\t\t\t\t\t\t\t\t<div class=\"elementor-text-editor elementor-clearfix\">\n\t\t\t\t<p style=\"text-align: left;\"><a class=\"list-group-item list-group-item-action \" title=\"\" href=\"http:\/\/www.armaghplanet.com\/blog\/\" target=\"_blank\" rel=\"noopener\" data-toggle=\"tooltip\" data-placement=\"top\" data-original-title=\"armaghplanet.com\" aria-describedby=\"tooltip823568\">Astronotes<\/a><\/p><p style=\"text-align: left;\"><a class=\"list-group-item list-group-item-action \" title=\"\" href=\"https:\/\/www.nasa.gov\/\" target=\"_blank\" rel=\"noopener\" data-toggle=\"tooltip\" data-placement=\"top\" data-original-title=\"nasa.gov\">Nasa<\/a><\/p><p style=\"text-align: left;\"><a class=\"list-group-item list-group-item-action \" title=\"\" href=\"http:\/\/spaceweather.com\/\" target=\"_blank\" rel=\"noopener\" data-toggle=\"tooltip\" data-placement=\"top\" data-original-title=\"spaceweather.com\">Space Weather<\/a><\/p><p style=\"text-align: left;\"><a class=\"list-group-item list-group-item-action \" title=\"\" href=\"https:\/\/kidsastronomy.com\/\" target=\"_blank\" rel=\"noopener\" data-toggle=\"tooltip\" data-placement=\"top\" data-original-title=\"kidsastronomy.com\">Kids Astronomy<\/a><\/p><p style=\"text-align: left;\"><a class=\"list-group-item list-group-item-action \" title=\"\" href=\"http:\/\/hubblesite.org\/\" target=\"_blank\" rel=\"noopener\" data-toggle=\"tooltip\" data-placement=\"top\" data-original-title=\"hubblesite.org\">Hubble Site<\/a><\/p>\t\t\t\t\t<\/div>\n\t\t\t\t\t\t<\/div>\n\t\t\t\t<\/div>\n\t\t\t\t\t\t<\/div>\n\t\t\t\t\t<\/div>\n\t\t<\/div>\n\t\t\t\t\t\t\t\t<\/div>\n\t\t\t\t\t<\/div>\n\t\t<\/section>\n\t\t\t\t\t\t<\/div>\n\t\t\t\t\t\t<\/div>\n\t\t\t\t\t<\/div>\n\t\t","protected":false},"excerpt":{"rendered":"<p>CONOCIMIENTOS EXPERTOS Y TELESCOPIOS DISPONIBLS PARA VER Y APRENDER SOBRE LAS ESTRELLAS Ubicado en una de las partes m\u00e1s bellas&#8230;<\/p>\n","protected":false},"author":1,"featured_media":0,"parent":0,"menu_order":0,"comment_status":"closed","ping_status":"closed","template":"page-fullwidth.php","meta":{"footnotes":""},"class_list":["post-2141","page","type-page","status-publish"],"aioseo_notices":[],"_links":{"self":[{"href":"https:\/\/rum-sky.com\/index.php?rest_route=\/wp\/v2\/pages\/2141","targetHints":{"allow":["GET"]}}],"collection":[{"href":"https:\/\/rum-sky.com\/index.php?rest_route=\/wp\/v2\/pages"}],"about":[{"href":"https:\/\/rum-sky.com\/index.php?rest_route=\/wp\/v2\/types\/page"}],"author":[{"embeddable":true,"href":"https:\/\/rum-sky.com\/index.php?rest_route=\/wp\/v2\/users\/1"}],"replies":[{"embeddable":true,"href":"https:\/\/rum-sky.com\/index.php?rest_route=%2Fwp%2Fv2%2Fcomments&post=2141"}],"version-history":[{"count":20,"href":"https:\/\/rum-sky.com\/index.php?rest_route=\/wp\/v2\/pages\/2141\/revisions"}],"predecessor-version":[{"id":2629,"href":"https:\/\/rum-sky.com\/index.php?rest_route=\/wp\/v2\/pages\/2141\/revisions\/2629"}],"wp:attachment":[{"href":"https:\/\/rum-sky.com\/index.php?rest_route=%2Fwp%2Fv2%2Fmedia&parent=2141"}],"curies":[{"name":"wp","href":"https:\/\/api.w.org\/{rel}","templated":true}]}}